{"id":210,"date":"2026-02-26T10:33:22","date_gmt":"2026-02-26T09:33:22","guid":{"rendered":"https:\/\/albertilloelpillo.iesfuente.com\/?page_id=210"},"modified":"2026-03-05T10:57:28","modified_gmt":"2026-03-05T09:57:28","slug":"quienes-somos","status":"publish","type":"page","link":"https:\/\/albertilloelpillo.iesfuente.com\/?page_id=210","title":{"rendered":"\u00bfQui\u00e9nes somos?"},"content":{"rendered":"<p>Esta p\u00e1gina web se ha desarrollado por Alberto Higueras Molina, alumno del I.E.S Fuente de la Pe\u00f1a con 18 a\u00f1os estudiando Segundo de Bachillerato.<\/p>\n<p>Este proyecto fue realizado en el mes de febrero del curso 25\/26 como trabajo final en la asignatura de TIC en el segundo trimestre.<\/p>\n\n\n<p><\/p>\n","protected":false},"excerpt":{"rendered":"<p>Esta p\u00e1gina web se ha desarrollado por Alberto Higueras Molina, alumno del I.E.S Fuente de la Pe\u00f1a con 18 a\u00f1os estudiando Segundo de Bachillerato. Este&hellip;<\/p>\n","protected":false},"author":1,"featured_media":0,"parent":0,"menu_order":0,"comment_status":"closed","ping_status":"closed","template":"","meta":{"footnotes":""},"class_list":["post-210","page","type-page","status-publish","hentry"],"_links":{"self":[{"href":"https:\/\/albertilloelpillo.iesfuente.com\/index.php?rest_route=\/wp\/v2\/pages\/210","targetHints":{"allow":["GET"]}}],"collection":[{"href":"https:\/\/albertilloelpillo.iesfuente.com\/index.php?rest_route=\/wp\/v2\/pages"}],"about":[{"href":"https:\/\/albertilloelpillo.iesfuente.com\/index.php?rest_route=\/wp\/v2\/types\/page"}],"author":[{"embeddable":true,"href":"https:\/\/albertilloelpillo.iesfuente.com\/index.php?rest_route=\/wp\/v2\/users\/1"}],"replies":[{"embeddable":true,"href":"https:\/\/albertilloelpillo.iesfuente.com\/index.php?rest_route=%2Fwp%2Fv2%2Fcomments&post=210"}],"version-history":[{"count":3,"href":"https:\/\/albertilloelpillo.iesfuente.com\/index.php?rest_route=\/wp\/v2\/pages\/210\/revisions"}],"predecessor-version":[{"id":311,"href":"https:\/\/albertilloelpillo.iesfuente.com\/index.php?rest_route=\/wp\/v2\/pages\/210\/revisions\/311"}],"wp:attachment":[{"href":"https:\/\/albertilloelpillo.iesfuente.com\/index.php?rest_route=%2Fwp%2Fv2%2Fmedia&parent=210"}],"curies":[{"name":"wp","href":"https:\/\/api.w.org\/{rel}","templated":true}]}}