{"id":181,"date":"2026-02-19T10:31:43","date_gmt":"2026-02-19T09:31:43","guid":{"rendered":"https:\/\/albertilloelpillo.iesfuente.com\/?page_id=181"},"modified":"2026-02-28T12:33:44","modified_gmt":"2026-02-28T11:33:44","slug":"actividades-4","status":"publish","type":"page","link":"https:\/\/albertilloelpillo.iesfuente.com\/?page_id=181","title":{"rendered":"Actividades"},"content":{"rendered":"\n<p>Nueva York es cultura, cine, gastronom\u00eda y rascacielos ic\u00f3nicos. Perfecta para escapadas urbanas intensas.<\/p>\n\n\n\n<h3 class=\"wp-block-heading\"><strong>Iconos imprescindibles<\/strong><\/h3>\n\n\n\n<p>M\u00e1s de 340 hect\u00e1reas de naturaleza en Manhattan. Puedes alquilar bici o hacer picnic.<br><a href=\"https:\/\/www.centralparknyc.org\/\">https:\/\/www.centralparknyc.org\/<\/a><\/p>\n\n\n\n<hr class=\"wp-block-separator has-alpha-channel-opacity\"\/>\n\n\n\n<h3 class=\"wp-block-heading\"><strong>Miradores espectaculares<\/strong><\/h3>\n\n\n\n<ul class=\"wp-block-list\">\n<li>Empire State Building<\/li>\n\n\n\n<li>Top of the Rock<\/li>\n\n\n\n<li>One World Observatory<\/li>\n\n\n\n<li>Edge Hudson Yards<\/li>\n<\/ul>\n\n\n\n<figure class=\"wp-block-image size-large\"><a href=\"https:\/\/www.newyorktickets.com\/empire-state-building\/?ci=1&amp;cm=555642787_1305121543289801_c_o_empire%20state%20building_e_{extensionid}&amp;utm_AdGroup=ESB%20-%20Generic%20-%20Exact&amp;utm_Device=c&amp;utm_Creative=&amp;utm_Keyword=empire%20state%20building&amp;utm_Adposition=&amp;msclkid=881c7b702a7d190920f812d2f84fcbcc&amp;utm_source=bing&amp;utm_medium=cpc&amp;utm_campaign=New%20York%20-%20Empire%20State%20Building%20-%20Other%20Languages%20-%20All%20-%20Search%20-%20All%20-%20All%20-%20cid234&amp;utm_term=empire%20state%20building&amp;utm_content=Generic%20-%20Exact%20-%20English%20-%20All\"><img decoding=\"async\" src=\"https:\/\/tse4.mm.bing.net\/th\/id\/OIP.OZSTfZYJEohWOyEz1KwFegHaLH?rs=1&amp;pid=ImgDetMain&amp;o=7&amp;rm=3\" alt=\"\"\/><\/a><figcaption class=\"wp-element-caption\">Empire State Building<\/figcaption><\/figure>\n\n\n\n<hr class=\"wp-block-separator has-alpha-channel-opacity\"\/>\n\n\n\n<h3 class=\"wp-block-heading\"><strong>Cultura y entretenimiento<\/strong><\/h3>\n\n\n\n<ul class=\"wp-block-list\">\n<li>Musical en Broadway <\/li>\n\n\n\n<li>Museo MET (arte cl\u00e1sico)<\/li>\n\n\n\n<li>MoMA (arte moderno)<\/li>\n\n\n\n<li>Paseo por Brooklyn y Dumbo<\/li>\n\n\n\n<li>Cruzar el Puente de Brooklyn al atardecer<\/li>\n<\/ul>\n\n\n\n<figure class=\"wp-block-image size-large\"><a href=\"https:\/\/www.metmuseum.org\/es\"><img decoding=\"async\" src=\"https:\/\/tse2.mm.bing.net\/th\/id\/OIP.I_9DLoU0y9qHmecXGKov-QHaE7?rs=1&amp;pid=ImgDetMain&amp;o=7&amp;rm=3\" alt=\"\"\/><\/a><figcaption class=\"wp-element-caption\">Museo Met<\/figcaption><\/figure>\n\n\n<p>Aqu\u00ed tienes una gu\u00eda de <a href=\"https:\/\/es.hoteles.com\/go\/estados-unidos\/cosas-que-hacer-en-nueva-york?utm\">11 cosas que hacer en New York<\/a><\/p>\n\n\n<p><br><\/p>\n\n\n\n<hr class=\"wp-block-separator has-alpha-channel-opacity\"\/>\n","protected":false},"excerpt":{"rendered":"<p>Nueva York es cultura, cine, gastronom\u00eda y rascacielos ic\u00f3nicos. Perfecta para escapadas urbanas intensas. Iconos imprescindibles M\u00e1s de 340 hect\u00e1reas de naturaleza en Manhattan. Puedes&hellip;<\/p>\n","protected":false},"author":1,"featured_media":0,"parent":0,"menu_order":0,"comment_status":"closed","ping_status":"closed","template":"","meta":{"footnotes":""},"class_list":["post-181","page","type-page","status-publish","hentry"],"_links":{"self":[{"href":"https:\/\/albertilloelpillo.iesfuente.com\/index.php?rest_route=\/wp\/v2\/pages\/181","targetHints":{"allow":["GET"]}}],"collection":[{"href":"https:\/\/albertilloelpillo.iesfuente.com\/index.php?rest_route=\/wp\/v2\/pages"}],"about":[{"href":"https:\/\/albertilloelpillo.iesfuente.com\/index.php?rest_route=\/wp\/v2\/types\/page"}],"author":[{"embeddable":true,"href":"https:\/\/albertilloelpillo.iesfuente.com\/index.php?rest_route=\/wp\/v2\/users\/1"}],"replies":[{"embeddable":true,"href":"https:\/\/albertilloelpillo.iesfuente.com\/index.php?rest_route=%2Fwp%2Fv2%2Fcomments&post=181"}],"version-history":[{"count":4,"href":"https:\/\/albertilloelpillo.iesfuente.com\/index.php?rest_route=\/wp\/v2\/pages\/181\/revisions"}],"predecessor-version":[{"id":285,"href":"https:\/\/albertilloelpillo.iesfuente.com\/index.php?rest_route=\/wp\/v2\/pages\/181\/revisions\/285"}],"wp:attachment":[{"href":"https:\/\/albertilloelpillo.iesfuente.com\/index.php?rest_route=%2Fwp%2Fv2%2Fmedia&parent=181"}],"curies":[{"name":"wp","href":"https:\/\/api.w.org\/{rel}","templated":true}]}}