{"id":172,"date":"2026-02-19T10:30:50","date_gmt":"2026-02-19T09:30:50","guid":{"rendered":"https:\/\/albertilloelpillo.iesfuente.com\/?page_id=172"},"modified":"2026-02-28T12:57:48","modified_gmt":"2026-02-28T11:57:48","slug":"actividades","status":"publish","type":"page","link":"https:\/\/albertilloelpillo.iesfuente.com\/?page_id=172","title":{"rendered":"Actividades"},"content":{"rendered":"\n<p>Par\u00eds es la ciudad del amor, pero tambi\u00e9n un referente mundial en arte, historia y arquitectura.<\/p>\n\n\n\n<h3 class=\"wp-block-heading\"><strong>Monumentos imprescindibles<\/strong><\/h3>\n\n\n\n<h3 class=\"wp-block-heading\">Torre Eiffel<\/h3>\n\n\n\n<p>El s\u00edmbolo de Francia. Recomendaci\u00f3n: subir al atardecer.<\/p>\n\n\n\n<figure class=\"wp-block-image size-large\"><a href=\"https:\/\/www.toureiffel.paris\/\"><img decoding=\"async\" src=\"https:\/\/tse4.mm.bing.net\/th\/id\/OIP.mEMgbwJJWS0keHSBYufTlQHaLE?rs=1&amp;pid=ImgDetMain&amp;o=7&amp;rm=3\" alt=\"\"\/><\/a><\/figure>\n\n\n\n<h3 class=\"wp-block-heading\">Museo del Louvre<\/h3>\n\n\n\n<p>El museo m\u00e1s visitado del mundo, hogar de la Mona Lisa.<br><\/p>\n\n\n\n<figure class=\"wp-block-image size-large\"><a href=\"https:\/\/www.louvre.fr\/\"><img decoding=\"async\" src=\"https:\/\/tse2.mm.bing.net\/th\/id\/OIP.tIi1Pv2W4L7leBYx8n2E5gHaE7?rs=1&amp;pid=ImgDetMain&amp;o=7&amp;rm=3\" alt=\"\"\/><\/a><\/figure>\n\n\n\n<hr class=\"wp-block-separator has-alpha-channel-opacity\"\/>\n\n\n\n<h3 class=\"wp-block-heading\"><strong>Cultura y barrios con encanto<\/strong><\/h3>\n\n\n\n<h3 class=\"wp-block-heading\">Montmartre<\/h3>\n\n\n\n<p>Barrio bohemio con vistas panor\u00e1micas y la Bas\u00edlica del Sagrado Coraz\u00f3n.<\/p>\n\n\n\n<figure class=\"wp-block-image size-large\"><a href=\"https:\/\/www.bing.com\/aclick?ld=e89J8lw3lHqW6kfUwNi6hFxjVUCUzyiCW-VsLJsOQ0etXqFppuNGIHG2DFiJm0B8rDkX0joTzyGhVOJbwZsBPPdR5nwyHxvACmFwxSDOLjze0HpSXkOwmYMypASRwMmngSkKGS86EeUXG-MElaRPUrBnpbYbfGuV0Lnak2_DoolL7olsPVsDcPEkQDH2tt7RW_sNY7gAc_YqGOrHiatUw05XjTLCg&amp;u=aHR0cHMlM2ElMmYlMmZyZWRpci5zZWN1cmUtaG90ZWwtYm9va2luZy5jb20lMmZoaXQucGhwJTNmcmVkaXIlM2RodHRwcyUyNTNBJTI1MkYlMjUyRnd3dy5ob3RlbHByaW5jZW1vbnRtYXJ0cmUuY29tJTI1MkZlbiUyNTJGJTI2Y2FtcGFpZ24lM2RDQTAwMjcyNyUyNmNhbXBhaWduYiUzZCUyNmQlM2QzMGQteHBwYyUyNnBhcnRuZXIlM2RGQi1QQUNLLVBQQy0xNSUyNmNhbXBhaWduSWQlM2QzNTkyMzM4ODglMjU3QzEzMjkzMTAyMjUwMzkyOTUlMjU3Q2t3ZC04MzA4MTk5ODU2NDcwMCUzYWxvYy0xNzAlN2NDQTAwMjcyNyU3YyU3YzMxOTclMjZkZXZpY2UlM2RjJTI2bmV0d29yayUzZGJpbmclMjZtc2Nsa2lkJTNkYTE2NmJjOTQ2ZDEzMTFjMTM0MzhkNTM2YmFlZjVmMDk&amp;rlid=a166bc946d1311c13438d536baef5f09\"><img decoding=\"async\" src=\"https:\/\/tse2.mm.bing.net\/th\/id\/OIP._upBvSzckdU-nTIhw0GW0AHaE7?rs=1&amp;pid=ImgDetMain&amp;o=7&amp;rm=3\" alt=\"\"\/><\/a><\/figure>\n\n\n\n<h3 class=\"wp-block-heading\">Catedral de Notre Dame<\/h3>\n\n\n\n<p>Icono g\u00f3tico recientemente restaurado tras el incendio de 2019.<\/p>\n\n\n\n<figure class=\"wp-block-image size-large\"><a href=\"https:\/\/www.bing.com\/aclick?ld=e8B62h8qiFypR15JR3Zdso5TVUCUxbH64IUQFINU7LlQ7OFx4rEENqgcy6sn7CT-LI6aQq6lrsO8yz29Yk80fJcwjfFXePjevz12v0gxC2_bQaAaB1eJWne96njfh7w8ZnK1ETii1FeCyxMpC44To6sRbDRwj1tZiCI4YUEUFoWGsj1u8vt-AIFz8lbPacUqQhkqtRtTZiDxf-Za_KRnu9McdCrWs&amp;u=aHR0cHMlM2ElMmYlMmZ3d3cudHJpcGFkdmlzb3IuZXMlMmZBdHRyYWN0aW9uX1Byb2R1Y3RzJTNmZ2VvJTNkMTg3MTQ3JTI2ZGV0YWlsJTNkMTg4Njc5JTI2bSUzZDE2MzU2JTI2c3VwY20lM2QyNjg2OTI4NTElMjZzdXBhZyUzZDExNzk3NzY2MzgxMTA1NTElMjZzdXB0aSUzZGt3ZC03MzczNjExNjc5NjkwNSUzYWxvYy0xNzAlMjZzdXBhaSUzZDczNzM2Mjg0NjQ1OTczJTI2c3VwZHYlM2RjJTI2c3VwbnQlM2RvJTI2c3Vwa3clM2RDYXRlZHJhbCUyNTIwZGUlMjUyME5vdHJlJTI1MjBEYW1lJTI2bXNjbGtpZCUzZDRiOWM3NmMwMGFjMjFhMjhmN2MwMWY2MmQyZTg1MGIy&amp;rlid=4b9c76c00ac21a28f7c01f62d2e850b2\"><img decoding=\"async\" src=\"https:\/\/tse3.mm.bing.net\/th\/id\/OIP.RLRP_ErtVX5ewA_JV6t-kgHaE6?rs=1&amp;pid=ImgDetMain&amp;o=7&amp;rm=3\" alt=\"\"\/><\/a><\/figure>\n\n\n\n<hr class=\"wp-block-separator has-alpha-channel-opacity\"\/>\n\n\n\n<h3 class=\"wp-block-heading\"><strong>Experiencias parisinas<\/strong><\/h3>\n\n\n\n<ul class=\"wp-block-list\">\n<li>Crucero por el r\u00edo Sena<\/li>\n\n\n\n<li>Picnic frente a la Torre Eiffel<\/li>\n\n\n\n<li>Visita al Palacio de Versalles<\/li>\n\n\n\n<li>Ruta gastron\u00f3mica (quesos, vino y croissants)<\/li>\n\n\n\n<li>Paseo nocturno por los Campos El\u00edseos<\/li>\n<\/ul>\n","protected":false},"excerpt":{"rendered":"<p>Par\u00eds es la ciudad del amor, pero tambi\u00e9n un referente mundial en arte, historia y arquitectura. Monumentos imprescindibles Torre Eiffel El s\u00edmbolo de Francia. Recomendaci\u00f3n:&hellip;<\/p>\n","protected":false},"author":1,"featured_media":0,"parent":0,"menu_order":0,"comment_status":"closed","ping_status":"closed","template":"","meta":{"footnotes":""},"class_list":["post-172","page","type-page","status-publish","hentry"],"_links":{"self":[{"href":"https:\/\/albertilloelpillo.iesfuente.com\/index.php?rest_route=\/wp\/v2\/pages\/172","targetHints":{"allow":["GET"]}}],"collection":[{"href":"https:\/\/albertilloelpillo.iesfuente.com\/index.php?rest_route=\/wp\/v2\/pages"}],"about":[{"href":"https:\/\/albertilloelpillo.iesfuente.com\/index.php?rest_route=\/wp\/v2\/types\/page"}],"author":[{"embeddable":true,"href":"https:\/\/albertilloelpillo.iesfuente.com\/index.php?rest_route=\/wp\/v2\/users\/1"}],"replies":[{"embeddable":true,"href":"https:\/\/albertilloelpillo.iesfuente.com\/index.php?rest_route=%2Fwp%2Fv2%2Fcomments&post=172"}],"version-history":[{"count":4,"href":"https:\/\/albertilloelpillo.iesfuente.com\/index.php?rest_route=\/wp\/v2\/pages\/172\/revisions"}],"predecessor-version":[{"id":298,"href":"https:\/\/albertilloelpillo.iesfuente.com\/index.php?rest_route=\/wp\/v2\/pages\/172\/revisions\/298"}],"wp:attachment":[{"href":"https:\/\/albertilloelpillo.iesfuente.com\/index.php?rest_route=%2Fwp%2Fv2%2Fmedia&parent=172"}],"curies":[{"name":"wp","href":"https:\/\/api.w.org\/{rel}","templated":true}]}}