{"id":166,"date":"2026-02-19T10:29:45","date_gmt":"2026-02-19T09:29:45","guid":{"rendered":"https:\/\/albertilloelpillo.iesfuente.com\/?page_id=166"},"modified":"2026-02-28T12:40:30","modified_gmt":"2026-02-28T11:40:30","slug":"gastronomia-3","status":"publish","type":"page","link":"https:\/\/albertilloelpillo.iesfuente.com\/?page_id=166","title":{"rendered":"Gastronom\u00eda"},"content":{"rendered":"\n<h3 class=\"wp-block-heading\"><strong>Historia culinaria<\/strong><\/h3>\n\n\n\n<p>Nueva York recibi\u00f3 olas de inmigrantes italianos, jud\u00edos, chinos, irlandeses y latinoamericanos desde el siglo XIX. Cada comunidad aport\u00f3 sus sabores, creando una ciudad donde puedes \u201cviajar por el mundo\u201d en pocos barrios.<\/p>\n\n\n\n<p>La ciudad consolid\u00f3 cl\u00e1sicos como la pizza estilo NY y el pastrami en delicatessen jud\u00edas.<\/p>\n\n\n\n<h3 class=\"wp-block-heading\"><strong>Sabores predominantes<\/strong><\/h3>\n\n\n\n<ul class=\"wp-block-list\">\n<li>Intensos y directos<\/li>\n\n\n\n<li>Porciones grandes<\/li>\n\n\n\n<li>Influencia multicultural<\/li>\n\n\n\n<li>Fusi\u00f3n constante<\/li>\n<\/ul>\n\n\n\n<h3 class=\"wp-block-heading\"><strong>Iconos gastron\u00f3micos<\/strong><\/h3>\n\n\n\n<ul class=\"wp-block-list\">\n<li>Pizza estilo neoyorquino<\/li>\n\n\n\n<li>Bagels con salm\u00f3n y queso crema<\/li>\n\n\n\n<li>Cheesecake estilo NY<\/li>\n\n\n\n<li>Pastrami sandwich<\/li>\n\n\n\n<li>Hot dogs callejeros<\/li>\n\n\n\n<li>Cocina internacional aut\u00e9ntica (Chinatown, Little Italy, Queens)<\/li>\n<\/ul>\n\n\n\n<figure class=\"wp-block-image size-large is-resized\"><img decoding=\"async\" src=\"https:\/\/th.bing.com\/th\/id\/R.3f63a47ca0827a513a49e01812b67cd6?rik=%2fi1zNxcGJ6J35A&amp;riu=http%3a%2f%2fthelocalpalate.com%2fwp-content%2fuploads%2f2022%2f07%2fPastrami-Sandwich.jpg&amp;ehk=LNk8AQiI0jXHvpqpcNeOdkZHiy9TYWouHX86nJI0RRQ%3d&amp;risl=&amp;pid=ImgRaw&amp;r=0\" alt=\"\" style=\"width:500px;height:auto\"\/><figcaption class=\"wp-element-caption\">Pastrami Sandwich<\/figcaption><\/figure>\n\n\n\n<h3 class=\"wp-block-heading\"><strong>Cultura gastron\u00f3mica<\/strong><\/h3>\n\n\n\n<p>Aqu\u00ed conviven food trucks, mercados gourmet como Chelsea Market y restaurantes de alta cocina. La innovaci\u00f3n es constante y las tendencias nacen en esta ciudad.<\/p>\n\n\n\n<figure class=\"wp-block-image size-large is-resized\"><a href=\"https:\/\/www.tripadvisor.es\/Attraction_Review-g60763-d288031-Reviews-Chelsea_Market-New_York_City_New_York.html\"><img decoding=\"async\" src=\"https:\/\/static.anuevayork.com\/wp-content\/uploads\/2023\/04\/13043145\/Visitar-el-mercado-de-Chelsea-en-Nueva-York-Tiendas-y-restaurantes.jpg\" alt=\"\" style=\"aspect-ratio:1.3280304340307798;width:508px;height:auto\"\/><\/a><figcaption class=\"wp-element-caption\">Chelsea Market<\/figcaption><\/figure>\n\n\n\n<h3 class=\"wp-block-heading\"> <strong>Gu\u00eda de comidas y restaurantes en la ciudad:<\/strong><br><\/h3>\n\n\n<p>\ud83d\udd17 <em data-start=\"3060\" data-end=\"3098\">Context Travel \u2013 New York Food Guide<\/em><br data-start=\"3098\" data-end=\"3101\" \/><a class=\"decorated-link\" href=\"https:\/\/www.contexttravel.com\/cities\/new-york\/pages\/new-york-food-guide?utm_source=chatgpt.com\" target=\"_new\" rel=\"noopener\" data-start=\"3101\" data-end=\"3172\">https:\/\/www.contexttravel.com\/cities\/new-york\/pages\/new-york-food-guide<\/a><br data-start=\"3172\" data-end=\"3177\" \/>Un recurso para descubrir desde <em data-start=\"3209\" data-end=\"3217\">bagels<\/em> cl\u00e1sicos y pizzer\u00edas legendarias hasta culinaria global de alta gama.<\/p>","protected":false},"excerpt":{"rendered":"<p>Historia culinaria Nueva York recibi\u00f3 olas de inmigrantes italianos, jud\u00edos, chinos, irlandeses y latinoamericanos desde el siglo XIX. Cada comunidad aport\u00f3 sus sabores, creando una&hellip;<\/p>\n","protected":false},"author":1,"featured_media":0,"parent":0,"menu_order":0,"comment_status":"closed","ping_status":"closed","template":"","meta":{"footnotes":""},"class_list":["post-166","page","type-page","status-publish","hentry"],"_links":{"self":[{"href":"https:\/\/albertilloelpillo.iesfuente.com\/index.php?rest_route=\/wp\/v2\/pages\/166","targetHints":{"allow":["GET"]}}],"collection":[{"href":"https:\/\/albertilloelpillo.iesfuente.com\/index.php?rest_route=\/wp\/v2\/pages"}],"about":[{"href":"https:\/\/albertilloelpillo.iesfuente.com\/index.php?rest_route=\/wp\/v2\/types\/page"}],"author":[{"embeddable":true,"href":"https:\/\/albertilloelpillo.iesfuente.com\/index.php?rest_route=\/wp\/v2\/users\/1"}],"replies":[{"embeddable":true,"href":"https:\/\/albertilloelpillo.iesfuente.com\/index.php?rest_route=%2Fwp%2Fv2%2Fcomments&post=166"}],"version-history":[{"count":4,"href":"https:\/\/albertilloelpillo.iesfuente.com\/index.php?rest_route=\/wp\/v2\/pages\/166\/revisions"}],"predecessor-version":[{"id":290,"href":"https:\/\/albertilloelpillo.iesfuente.com\/index.php?rest_route=\/wp\/v2\/pages\/166\/revisions\/290"}],"wp:attachment":[{"href":"https:\/\/albertilloelpillo.iesfuente.com\/index.php?rest_route=%2Fwp%2Fv2%2Fmedia&parent=166"}],"curies":[{"name":"wp","href":"https:\/\/api.w.org\/{rel}","templated":true}]}}