{"id":163,"date":"2026-02-19T10:29:28","date_gmt":"2026-02-19T09:29:28","guid":{"rendered":"https:\/\/albertilloelpillo.iesfuente.com\/?page_id=163"},"modified":"2026-02-28T12:49:18","modified_gmt":"2026-02-28T11:49:18","slug":"gastronomia-2","status":"publish","type":"page","link":"https:\/\/albertilloelpillo.iesfuente.com\/?page_id=163","title":{"rendered":"Gastronom\u00eda"},"content":{"rendered":"\n<h3 class=\"wp-block-heading\"><strong>Historia culinaria<\/strong><\/h3>\n\n\n\n<p>La gastronom\u00eda balinesa est\u00e1 profundamente ligada al hinduismo balin\u00e9s y a rituales religiosos. Muchos platos se preparan para ceremonias y ofrendas.<\/p>\n\n\n\n<p>Indonesia fue un punto clave en la Ruta de las Especias, lo que enriqueci\u00f3 su cocina con nuez moscada, clavo, c\u00farcuma, galanga y citronela.<\/p>\n\n\n\n<h3 class=\"wp-block-heading\"><strong>Sabores predominantes<\/strong><\/h3>\n\n\n\n<ul class=\"wp-block-list\">\n<li>Picante moderado a intenso<\/li>\n\n\n\n<li>Aromas herbales frescos<\/li>\n\n\n\n<li>Uso abundante de coco<\/li>\n\n\n\n<li>Mezclas complejas de especias (base genep)<\/li>\n<\/ul>\n\n\n\n<h3 class=\"wp-block-heading\"><strong>Platos tradicionales<\/strong><\/h3>\n\n\n\n<ul class=\"wp-block-list\">\n<li>Nasi Goreng (arroz frito nacional)<\/li>\n\n\n\n<li>Babi Guling (cerdo asado ceremonial)<\/li>\n\n\n\n<li>Bebek Betutu (pato cocinado lentamente en hojas de pl\u00e1tano)<\/li>\n\n\n\n<li>Satay (brochetas con salsa de man\u00ed)<a href=\"https:\/\/www.directoalpaladar.com\/recetas-de-arroces\/nasi-goreng-pollo-receta-indonesia-facil-para-hacer-casa\" data-type=\"link\" data-id=\"https:\/\/www.directoalpaladar.com\/recetas-de-arroces\/nasi-goreng-pollo-receta-indonesia-facil-para-hacer-casa\">https:\/\/www.directoalpaladar.com\/recetas-de-arroces\/nasi-goreng-pollo-receta-indonesia-facil-para-hacer-casa<\/a><\/li>\n\n\n\n<li>Lawar (mezcla de coco, especias y carne)<\/li>\n<\/ul>\n\n\n\n<figure class=\"wp-block-image size-large is-resized\"><img decoding=\"async\" src=\"https:\/\/thumbs.dreamstime.com\/z\/nasi-goreng-indonesian-chicken-fried-rice-black-plate-cuisine-dish-balinese-food-asian-meal-dark-slate-backdrop-184187417.jpg\" alt=\"\" style=\"width:582px;height:auto\"\/><figcaption class=\"wp-element-caption\">Nasi Goreng <\/figcaption><\/figure>\n\n\n\n<h3 class=\"wp-block-heading\"><strong>Cultura gastron\u00f3mica<\/strong><\/h3>\n\n\n\n<p>La comida se vive en warungs (peque\u00f1os restaurantes locales) y mercados tradicionales. Bali combina tradici\u00f3n rural con cocina internacional saludable y vegana en zonas como Ubud y Canggu.<\/p>\n\n\n\n<figure class=\"wp-block-image size-large is-resized\"><a href=\"https:\/\/www.thebrokebackpacker.com\/what-is-a-warung\/\"><img decoding=\"async\" src=\"https:\/\/upload.wikimedia.org\/wikipedia\/commons\/thumb\/4\/4c\/Warung_of_Bali_200507.jpg\/240px-Warung_of_Bali_200507.jpg\" alt=\"\" style=\"width:330px;height:auto\"\/><\/a><figcaption class=\"wp-element-caption\">un warung<\/figcaption><\/figure>\n\n\n\n<h3 class=\"wp-block-heading\"><strong>Gu\u00eda gastron\u00f3mica de Bali:<\/strong><\/h3>\n\n\n<p><em data-start=\"1686\" data-end=\"1755\">AGODA \u2013 Discover what to eat in Bali (Gu\u00eda definitiva gastron\u00f3mica)<\/em><\/p>\n<p><a href=\"https:\/\/www.agoda.com\/es-es\/travel-guides\/indonesia\/bali\/discover-what-to-eat-in-bali-your-ultimate-foodie-guide\/?\">https:\/\/www.agoda.com\/es-es\/travel-guides\/indonesia\/bali\/discover-what-to-eat-in-bali-your-ultimate-foodie-guide\/?<\/a><br data-start=\"1755\" data-end=\"1758\" \/>Una gu\u00eda completa para viajeros sobre los sabores que definen la isla, desde warungs locales hasta experiencias culinarias con ingredientes frescos y especias tropicales.<\/p>","protected":false},"excerpt":{"rendered":"<p>Historia culinaria La gastronom\u00eda balinesa est\u00e1 profundamente ligada al hinduismo balin\u00e9s y a rituales religiosos. Muchos platos se preparan para ceremonias y ofrendas. Indonesia fue&hellip;<\/p>\n","protected":false},"author":1,"featured_media":0,"parent":0,"menu_order":0,"comment_status":"closed","ping_status":"closed","template":"","meta":{"footnotes":""},"class_list":["post-163","page","type-page","status-publish","hentry"],"_links":{"self":[{"href":"https:\/\/albertilloelpillo.iesfuente.com\/index.php?rest_route=\/wp\/v2\/pages\/163","targetHints":{"allow":["GET"]}}],"collection":[{"href":"https:\/\/albertilloelpillo.iesfuente.com\/index.php?rest_route=\/wp\/v2\/pages"}],"about":[{"href":"https:\/\/albertilloelpillo.iesfuente.com\/index.php?rest_route=\/wp\/v2\/types\/page"}],"author":[{"embeddable":true,"href":"https:\/\/albertilloelpillo.iesfuente.com\/index.php?rest_route=\/wp\/v2\/users\/1"}],"replies":[{"embeddable":true,"href":"https:\/\/albertilloelpillo.iesfuente.com\/index.php?rest_route=%2Fwp%2Fv2%2Fcomments&post=163"}],"version-history":[{"count":5,"href":"https:\/\/albertilloelpillo.iesfuente.com\/index.php?rest_route=\/wp\/v2\/pages\/163\/revisions"}],"predecessor-version":[{"id":294,"href":"https:\/\/albertilloelpillo.iesfuente.com\/index.php?rest_route=\/wp\/v2\/pages\/163\/revisions\/294"}],"wp:attachment":[{"href":"https:\/\/albertilloelpillo.iesfuente.com\/index.php?rest_route=%2Fwp%2Fv2%2Fmedia&parent=163"}],"curies":[{"name":"wp","href":"https:\/\/api.w.org\/{rel}","templated":true}]}}