{"id":154,"date":"2026-02-19T10:24:24","date_gmt":"2026-02-19T09:24:24","guid":{"rendered":"https:\/\/albertilloelpillo.iesfuente.com\/?page_id=154"},"modified":"2026-02-28T11:38:57","modified_gmt":"2026-02-28T10:38:57","slug":"hoteles-3","status":"publish","type":"page","link":"https:\/\/albertilloelpillo.iesfuente.com\/?page_id=154","title":{"rendered":"Hoteles"},"content":{"rendered":"\n<p><strong>Aman Tokyo<\/strong><br>Elegante y minimalista hotel con vistas panor\u00e1micas de la ciudad desde alturas, spa y restaurante de alta cocina. Parte de una de las colecciones hoteleras m\u00e1s exclusivas del planeta.<br>Sitio oficial:<a href=\" https:\/\/www.aman.com\/resorts\/aman-tokyo\"> https:\/\/www.aman.com\/resorts\/aman-tokyo<\/a><\/p>\n\n\n\n<iframe \n  src=\"https:\/\/www.google.com\/maps?q=Aman+Tokyo&#038;output=embed\" \n  width=\"100%\" \n  height=\"350\" \n  style=\"border:0; border-radius:12px;\" \n  allowfullscreen=\"\" \n  loading=\"lazy\">\n<\/iframe>\n\n\n\n<p><strong>The Peninsula Tokyo<\/strong><br>Ubicado sobre Hibiya Park, combina lujo cl\u00e1sico con dise\u00f1o moderno, spa de referencia y experiencias gastron\u00f3micas exclusivas.<br>Sitio oficial: <a href=\"https:\/\/www.peninsula.com\/en\/tokyo\" data-type=\"link\" data-id=\"https:\/\/www.peninsula.com\/en\/tokyo\">https:\/\/www.peninsula.com\/en\/tokyo<\/a><\/p>\n\n\n\n<iframe \n  src=\"https:\/\/www.google.com\/maps?q=The+Peninsula+Tokyo&#038;output=embed\" \n  width=\"100%\" \n  height=\"350\" \n  style=\"border:0; border-radius:12px;\" \n  allowfullscreen=\"\" \n  loading=\"lazy\">\n<\/iframe>\n\n\n\n<p><strong>Mandarin Oriental Tokyo<\/strong><br>Rascacielos de lujo con impresionantes vistas, spa premiado y varios restaurantes de alta cocina internacional.<br>Sitio oficial: <a href=\"https:\/\/www.mandarinoriental.com\/tokyo\">https:\/\/www.mandarinoriental.com\/tokyo<\/a><\/p>\n\n\n\n<iframe \n  src=\"https:\/\/www.google.com\/maps?q=Mandarin+Oriental+Tokyo&#038;output=embed\" \n  width=\"100%\" \n  height=\"350\" \n  style=\"border:0; border-radius:12px;\" \n  allowfullscreen=\"\" \n  loading=\"lazy\">\n<\/iframe>\n\n\n\n<p><strong>Park Hyatt Tokyo<\/strong><br>Cl\u00e1sico s\u00edmbolo de lujo con piscina panor\u00e1mica, bar con vistas espectaculares y servicio exquisito. Perfecto para una escapada rom\u00e1ntica.Sitio oficial: <a href=\"https:\/\/www.hyatt.com\/park-hyatt\" data-type=\"link\" data-id=\"https:\/\/www.hyatt.com\/park-hyatt\">https:\/\/www.hyatt.com\/park-hyatt<\/a> <\/p>\n\n\n\n<iframe \n  src=\"https:\/\/www.google.com\/maps?q=Park+Hyatt+Tokyo&#038;output=embed\" \n  width=\"100%\" \n  height=\"350\" \n  style=\"border:0; border-radius:12px;\" \n  allowfullscreen=\"\" \n  loading=\"lazy\">\n<\/iframe>\n\n\n\n<p><strong>The Tokyo Edition, Ginza<\/strong><br>Hotel boutique de lujo con dise\u00f1o contempor\u00e1neo, restaurante de alto nivel y excelente ubicaci\u00f3n dentro de Ginza.\ud83d\udd17 Sitio oficial: <a href=\"https:\/\/www.editionhotels.com\/tokyo\" data-type=\"link\" data-id=\"https:\/\/www.editionhotels.com\/tokyo\">https:\/\/www.editionhotels.com\/tokyo<\/a><\/p>\n\n\n\n<iframe \n  src=\"https:\/\/www.google.com\/maps?q=The+Tokyo+Edition+Ginza&#038;output=embed\" \n  width=\"100%\" \n  height=\"350\" \n  style=\"border:0; border-radius:12px;\" \n  allowfullscreen=\"\" \n  loading=\"lazy\">\n<\/iframe>\n","protected":false},"excerpt":{"rendered":"<p>Aman TokyoElegante y minimalista hotel con vistas panor\u00e1micas de la ciudad desde alturas, spa y restaurante de alta cocina. Parte de una de las colecciones&hellip;<\/p>\n","protected":false},"author":1,"featured_media":0,"parent":0,"menu_order":0,"comment_status":"closed","ping_status":"closed","template":"","meta":{"footnotes":""},"class_list":["post-154","page","type-page","status-publish","hentry"],"_links":{"self":[{"href":"https:\/\/albertilloelpillo.iesfuente.com\/index.php?rest_route=\/wp\/v2\/pages\/154","targetHints":{"allow":["GET"]}}],"collection":[{"href":"https:\/\/albertilloelpillo.iesfuente.com\/index.php?rest_route=\/wp\/v2\/pages"}],"about":[{"href":"https:\/\/albertilloelpillo.iesfuente.com\/index.php?rest_route=\/wp\/v2\/types\/page"}],"author":[{"embeddable":true,"href":"https:\/\/albertilloelpillo.iesfuente.com\/index.php?rest_route=\/wp\/v2\/users\/1"}],"replies":[{"embeddable":true,"href":"https:\/\/albertilloelpillo.iesfuente.com\/index.php?rest_route=%2Fwp%2Fv2%2Fcomments&post=154"}],"version-history":[{"count":6,"href":"https:\/\/albertilloelpillo.iesfuente.com\/index.php?rest_route=\/wp\/v2\/pages\/154\/revisions"}],"predecessor-version":[{"id":242,"href":"https:\/\/albertilloelpillo.iesfuente.com\/index.php?rest_route=\/wp\/v2\/pages\/154\/revisions\/242"}],"wp:attachment":[{"href":"https:\/\/albertilloelpillo.iesfuente.com\/index.php?rest_route=%2Fwp%2Fv2%2Fmedia&parent=154"}],"curies":[{"name":"wp","href":"https:\/\/api.w.org\/{rel}","templated":true}]}}