{"id":151,"date":"2026-02-19T10:24:06","date_gmt":"2026-02-19T09:24:06","guid":{"rendered":"https:\/\/albertilloelpillo.iesfuente.com\/?page_id=151"},"modified":"2026-02-28T11:37:01","modified_gmt":"2026-02-28T10:37:01","slug":"hoteles-2","status":"publish","type":"page","link":"https:\/\/albertilloelpillo.iesfuente.com\/?page_id=151","title":{"rendered":"Hoteles"},"content":{"rendered":"\n<h3 class=\"wp-block-heading\"><strong>The Plaza<\/strong><\/h3>\n\n\n\n<p>Hotel de 4,5 estrellas<\/p>\n\n\n\n<p>Hotel emblem\u00e1tico frente a Central Park<\/p>\n\n\n\n<p>Uno de los hoteles m\u00e1s ic\u00f3nicos de Nueva York, famoso por su lujo cl\u00e1sico, historia y servicio de primera clase.<\/p>\n\n\n\n<p>Perfecto para viajes de lujo, escapadas rom\u00e1nticas o una estancia inolvidable en Manhattan.<br>Sitio oficial: <a href=\"https:\/\/www.theplazany.com\/\">https:\/\/www.theplazany.com\/<\/a><br>Detalles: habitaciones elegantes, restaurantes gourmet, servicio de mayordomo, sal\u00f3n de t\u00e9 y spa.<\/p>\n\n\n\n\n<iframe \n  src=\"https:\/\/www.google.com\/maps?q=The+Plaza+Hotel+New+York&#038;output=embed\" \n  width=\"100%\" \n  height=\"350\" \n  style=\"border:0; border-radius:12px;\" \n  allowfullscreen=\"\" \n  loading=\"lazy\">\n<\/iframe>\n\n\n\n\n<hr class=\"wp-block-separator has-alpha-channel-opacity\"\/>\n\n\n\n<h3 class=\"wp-block-heading\"><strong>The Ritz-Carlton New York, Central Park<\/strong><\/h3>\n\n\n\n<p>Hotel de 4,6 estrellas<\/p>\n\n\n\n<p>Lujo con vistas a Central Park<\/p>\n\n\n\n<p>Reconocido como uno de los mejores hoteles de NYC, con vistas espectaculares del parque y servicio impecable.<\/p>\n\n\n\n<p>Ideal para viajeros exigentes que buscan sofisticaci\u00f3n, confort y ubicaci\u00f3n central.<br>Sitio oficial: <a href=\"https:\/\/www.ritzcarlton.com\/\">https:\/\/www.ritzcarlton.com\/<\/a><br>Perfecto para: escapadas rom\u00e1nticas, vacaciones exclusivas y turismo de alto nivel.<\/p>\n\n\n\n<iframe \n  src=\"https:\/\/www.google.com\/maps?q=The+Ritz-Carlton+New+York+Central+Park&#038;output=embed\" \n  width=\"100%\" \n  height=\"350\" \n  style=\"border:0; border-radius:12px;\" \n  allowfullscreen=\"\" \n  loading=\"lazy\">\n<\/iframe>\n\n\n\n<hr class=\"wp-block-separator has-alpha-channel-opacity\"\/>\n\n\n\n<h3 class=\"wp-block-heading\"><strong>Park Hyatt New York<\/strong><\/h3>\n\n\n\n<p>Hotel con 4,3 estrellas<\/p>\n\n\n\n<p>Hotel moderno y elegante cerca de Midtown<\/p>\n\n\n\n<p>Combina dise\u00f1o contempor\u00e1neo con lujo relajado.<\/p>\n\n\n\n<p>Muy bien valorado por su tranquilidad y ubicaci\u00f3n cerca de tiendas, Broadway y museos.<br>Sitio oficial: <a href=\"https:\/\/www.hyatt.com\/en-US\/hotel\/new-york\/park-hyatt-new-york\/nycph\">https:\/\/www.hyatt.com\/en-US\/hotel\/new-york\/park-hyatt-new-york\/nycph<\/a><br>Perfecto para: turismo cultural y compras.<\/p>\n\n\n\n<iframe \n  src=\"https:\/\/www.google.com\/maps?q=Park+Hyatt+New+York&#038;output=embed\" \n  width=\"100%\" \n  height=\"350\" \n  style=\"border:0; border-radius:12px;\" \n  allowfullscreen=\"\" \n  loading=\"lazy\">\n<\/iframe>\n\n\n\n<hr class=\"wp-block-separator has-alpha-channel-opacity\"\/>\n\n\n\n<h3 class=\"wp-block-heading\"><strong>The St. Regis New York<\/strong><\/h3>\n\n\n\n<p>4Hotel de 4,5 estrellas<\/p>\n\n\n\n<p>Cl\u00e1sico hotel de lujo con servicio de mayordomo<\/p>\n\n\n\n<p>Uno de los hoteles m\u00e1s prestigiosos de Manhattan, con dise\u00f1o elegante y servicio de alta calidad.<br>Sitio oficial: <a href=\"https:\/\/www.marriott.com\/\">https:\/\/www.marriott.com\/<\/a><br>Muy cerca de tiendas de lujo, teatros y atracciones principales.<\/p>\n\n\n\n<iframe \n  src=\"https:\/\/www.google.com\/maps?q=The+St+Regis+New+York&#038;output=embed\" \n  width=\"100%\" \n  height=\"350\" \n  style=\"border:0; border-radius:12px;\" \n  allowfullscreen=\"\" \n  loading=\"lazy\">\n<\/iframe>\n\n\n\n<h3 class=\"wp-block-heading\"><strong>The Carlyle, A Rosewood Hotel<\/strong><\/h3>\n\n\n\n<p>Hotel de 4,5 estrellas<\/p>\n\n\n\n<p>Elegancia atemporal en Upper East Side<\/p>\n\n\n\n<p>Hotel de lujo con un toque cl\u00e1sico y refinado.<\/p>\n\n\n\n<p>Perfecto si te gusta una mezcla de historia, cultura y gastronom\u00eda de alto nivel.<br>Sitio oficial: <a href=\"https:\/\/www.rosewoodhotels.com\/en\/the-carlyle-new-york\">https:\/\/www.rosewoodhotels.com\/en\/the-carlyle-new-york<\/a><br>Cuenta con bares, restaurante gourmet y servicio de alta clase.<\/p>\n\n\n\n<iframe \n  src=\"https:\/\/www.google.com\/maps?q=The+Carlyle+A+Rosewood+Hotel+New+York&#038;output=embed\" \n  width=\"100%\" \n  height=\"350\" \n  style=\"border:0; border-radius:12px;\" \n  allowfullscreen=\"\" \n  loading=\"lazy\">\n<\/iframe>\n\n\n\n<hr class=\"wp-block-separator has-alpha-channel-opacity\"\/>\n","protected":false},"excerpt":{"rendered":"<p>The Plaza Hotel de 4,5 estrellas Hotel emblem\u00e1tico frente a Central Park Uno de los hoteles m\u00e1s ic\u00f3nicos de Nueva York, famoso por su lujo&hellip;<\/p>\n","protected":false},"author":1,"featured_media":0,"parent":0,"menu_order":0,"comment_status":"closed","ping_status":"closed","template":"","meta":{"footnotes":""},"class_list":["post-151","page","type-page","status-publish","hentry"],"_links":{"self":[{"href":"https:\/\/albertilloelpillo.iesfuente.com\/index.php?rest_route=\/wp\/v2\/pages\/151","targetHints":{"allow":["GET"]}}],"collection":[{"href":"https:\/\/albertilloelpillo.iesfuente.com\/index.php?rest_route=\/wp\/v2\/pages"}],"about":[{"href":"https:\/\/albertilloelpillo.iesfuente.com\/index.php?rest_route=\/wp\/v2\/types\/page"}],"author":[{"embeddable":true,"href":"https:\/\/albertilloelpillo.iesfuente.com\/index.php?rest_route=\/wp\/v2\/users\/1"}],"replies":[{"embeddable":true,"href":"https:\/\/albertilloelpillo.iesfuente.com\/index.php?rest_route=%2Fwp%2Fv2%2Fcomments&post=151"}],"version-history":[{"count":5,"href":"https:\/\/albertilloelpillo.iesfuente.com\/index.php?rest_route=\/wp\/v2\/pages\/151\/revisions"}],"predecessor-version":[{"id":240,"href":"https:\/\/albertilloelpillo.iesfuente.com\/index.php?rest_route=\/wp\/v2\/pages\/151\/revisions\/240"}],"wp:attachment":[{"href":"https:\/\/albertilloelpillo.iesfuente.com\/index.php?rest_route=%2Fwp%2Fv2%2Fmedia&parent=151"}],"curies":[{"name":"wp","href":"https:\/\/api.w.org\/{rel}","templated":true}]}}