{"id":137,"date":"2026-02-13T14:30:31","date_gmt":"2026-02-13T13:30:31","guid":{"rendered":"https:\/\/albertilloelpillo.iesfuente.com\/?page_id=137"},"modified":"2026-02-28T12:07:24","modified_gmt":"2026-02-28T11:07:24","slug":"tokio","status":"publish","type":"page","link":"https:\/\/albertilloelpillo.iesfuente.com\/?page_id=137","title":{"rendered":"Tokio"},"content":{"rendered":"\n<div class=\"wp-block-cover alignfull is-light has-parallax\"><div class=\"wp-block-cover__image-background wp-image-256 size-full has-parallax\" style=\"background-position:50% 50%;background-image:url(https:\/\/albertilloelpillo.iesfuente.com\/wp-content\/uploads\/2026\/02\/tour-matutino-de-tokio-santuario-de-meiji-templo-de-sensoji-y-tiendas-in-tokyo-168307.jpg)\"><\/div><span aria-hidden=\"true\" class=\"wp-block-cover__background has-background-dim\" style=\"background-color:#96797c\"><\/span><div class=\"wp-block-cover__inner-container is-layout-constrained wp-block-cover-is-layout-constrained\">\n<p class=\"has-text-align-center has-large-font-size\">Tradici\u00f3n milenaria y futuro tecnol\u00f3gico<\/p>\n\n\n\n<p>Tokio es una metr\u00f3polis fascinante donde pasado y futuro conviven en armon\u00eda. En un mismo d\u00eda puedes visitar un templo centenario y terminar cenando en un restaurante futurista con robots y pantallas digitales.<\/p>\n\n\n\n<p>Cada barrio tiene su propia identidad. Shibuya representa la modernidad vibrante con su famoso cruce peatonal. Asakusa conserva el Jap\u00f3n tradicional con templos hist\u00f3ricos y calles llenas de artesan\u00eda. Shinjuku ofrece rascacielos, ocio nocturno y miradores espectaculares.<\/p>\n\n\n\n<p>La gastronom\u00eda es uno de los grandes atractivos de Tokio. Desde sushi fresco en mercados tradicionales hasta restaurantes con estrellas Michelin, la calidad culinaria es excepcional.<\/p>\n\n\n<div class=\"wp-block-image\">\n<figure class=\"aligncenter size-large is-resized\"><img decoding=\"async\" src=\"https:\/\/encrypted-tbn0.gstatic.com\/images?q=tbn:ANd9GcQA6U77Ie0AXj-cuxUgea02PYg5DxZ6OsJxYQ&amp;s\" alt=\"\" style=\"aspect-ratio:1.5027735137185974;width:537px;height:auto\"\/><\/figure>\n<\/div>\n\n\n<h3 class=\"wp-block-heading\"><strong>Qu\u00e9 hace especial a Tokio<\/strong><\/h3>\n\n\n\n<ul class=\"wp-block-list\">\n<li>Su perfecta combinaci\u00f3n entre tradici\u00f3n y modernidad.<\/li>\n\n\n\n<li>La seguridad y organizaci\u00f3n que facilitan el viaje.<\/li>\n\n\n\n<li>Su impresionante oferta gastron\u00f3mica.<\/li>\n\n\n\n<li>La diversidad de experiencias en cada barrio.<\/li>\n<\/ul>\n\n\n\n<h3 class=\"wp-block-heading\"><strong>En nuestra gu\u00eda encontrar\u00e1s:<\/strong><\/h3>\n\n\n\n<p>Las mejores zonas donde alojarte seg\u00fan tu itinerario, rutas culturales por templos y santuarios, experiencias gastron\u00f3micas imprescindibles, excursiones a lugares cercanos como el Monte Fuji y consejos detallados sobre transporte y uso del Japan Rail Pass.<\/p>\n\n\n\n<p class=\"has-text-align-center has-large-font-size\">Tokio es un destino que sorprende, inspira y deja una huella imborrable en cualquier viajero.<\/p>\n<\/div><\/div>\n\n\n\n<p><\/p>\n","protected":false},"excerpt":{"rendered":"","protected":false},"author":1,"featured_media":0,"parent":0,"menu_order":0,"comment_status":"closed","ping_status":"closed","template":"","meta":{"footnotes":""},"class_list":["post-137","page","type-page","status-publish","hentry"],"_links":{"self":[{"href":"https:\/\/albertilloelpillo.iesfuente.com\/index.php?rest_route=\/wp\/v2\/pages\/137","targetHints":{"allow":["GET"]}}],"collection":[{"href":"https:\/\/albertilloelpillo.iesfuente.com\/index.php?rest_route=\/wp\/v2\/pages"}],"about":[{"href":"https:\/\/albertilloelpillo.iesfuente.com\/index.php?rest_route=\/wp\/v2\/types\/page"}],"author":[{"embeddable":true,"href":"https:\/\/albertilloelpillo.iesfuente.com\/index.php?rest_route=\/wp\/v2\/users\/1"}],"replies":[{"embeddable":true,"href":"https:\/\/albertilloelpillo.iesfuente.com\/index.php?rest_route=%2Fwp%2Fv2%2Fcomments&post=137"}],"version-history":[{"count":4,"href":"https:\/\/albertilloelpillo.iesfuente.com\/index.php?rest_route=\/wp\/v2\/pages\/137\/revisions"}],"predecessor-version":[{"id":268,"href":"https:\/\/albertilloelpillo.iesfuente.com\/index.php?rest_route=\/wp\/v2\/pages\/137\/revisions\/268"}],"wp:attachment":[{"href":"https:\/\/albertilloelpillo.iesfuente.com\/index.php?rest_route=%2Fwp%2Fv2%2Fmedia&parent=137"}],"curies":[{"name":"wp","href":"https:\/\/api.w.org\/{rel}","templated":true}]}}