{"id":131,"date":"2026-02-13T14:25:26","date_gmt":"2026-02-13T13:25:26","guid":{"rendered":"https:\/\/albertilloelpillo.iesfuente.com\/?page_id=131"},"modified":"2026-02-28T12:07:05","modified_gmt":"2026-02-28T11:07:05","slug":"bali","status":"publish","type":"page","link":"https:\/\/albertilloelpillo.iesfuente.com\/?page_id=131","title":{"rendered":"Bali"},"content":{"rendered":"\n<div class=\"wp-block-cover alignfull is-light has-parallax\"><div class=\"wp-block-cover__image-background wp-image-260 size-full has-parallax\" style=\"background-position:50% 50%;background-image:url(https:\/\/albertilloelpillo.iesfuente.com\/wp-content\/uploads\/2026\/02\/OIP-1.webp)\"><\/div><span aria-hidden=\"true\" class=\"wp-block-cover__background has-background-dim\" style=\"background-color:#9b9da5\"><\/span><div class=\"wp-block-cover__inner-container is-layout-constrained wp-block-cover-is-layout-constrained\">\n<p class=\"has-text-align-center has-large-font-size\">Naturaleza exuberante y espiritualidad en estado puro<\/p>\n\n\n\n<p>Bali es un destino que cautiva desde el primer instante. Sus paisajes combinan arrozales en terrazas, volcanes imponentes, cascadas escondidas y playas paradis\u00edacas. Pero lo que realmente diferencia a Bali es su atm\u00f3sfera espiritual y su cultura profundamente arraigada.<\/p>\n\n\n\n<p>En Ubud, considerado el coraz\u00f3n cultural de la isla, podr\u00e1s visitar templos sagrados, asistir a ceremonias tradicionales y conectar con la esencia m\u00e1s aut\u00e9ntica del lugar. En el sur, zonas como Seminyak y Uluwatu ofrecen una experiencia m\u00e1s cosmopolita, con beach clubs, restaurantes de autor y espectaculares acantilados frente al oc\u00e9ano \u00cdndico.<\/p>\n\n\n<div class=\"wp-block-image\">\n<figure class=\"aligncenter size-large is-resized\"><img decoding=\"async\" src=\"https:\/\/upload.wikimedia.org\/wikipedia\/commons\/thumb\/a\/a8\/Nusa_Lembongan_Mushroom_Beach.JPG\/250px-Nusa_Lembongan_Mushroom_Beach.JPG\" alt=\"\" style=\"width:446px;height:auto\"\/><\/figure>\n<\/div>\n\n\n<p>Bali es tambi\u00e9n un referente mundial en bienestar. Retiros de yoga, spas rodeados de naturaleza y terapias tradicionales forman parte de la experiencia. Es un destino ideal tanto para lunas de miel como para viajes de autodescubrimiento o aventuras con amigos.<\/p>\n\n\n\n<h3 class=\"wp-block-heading\"><strong>Qu\u00e9 hace especial a Bali<\/strong><\/h3>\n\n\n\n<ul class=\"wp-block-list\">\n<li>Su equilibrio entre aventura y relajaci\u00f3n.<\/li>\n\n\n\n<li>Su cultura espiritual \u00fanica.<\/li>\n\n\n\n<li>La hospitalidad de su gente.<\/li>\n\n\n\n<li>Paisajes naturales de gran diversidad.<\/li>\n<\/ul>\n\n\n\n<h3 class=\"wp-block-heading\"><strong>En nuestra gu\u00eda encontrar\u00e1s:<\/strong><\/h3>\n\n\n\n<p>Resorts de lujo con villas privadas y piscina infinita, hoteles sostenibles integrados en la naturaleza, alojamientos econ\u00f3micos bien valorados, excursiones a volcanes al amanecer, rutas por templos imprescindibles y actividades acu\u00e1ticas como surf o snorkel.<\/p>\n\n\n\n<p class=\"has-text-align-center has-large-font-size\">Bali es el lugar perfecto para desconectar del estr\u00e9s diario y reconectar contigo mismo.<\/p>\n<\/div><\/div>\n","protected":false},"excerpt":{"rendered":"","protected":false},"author":1,"featured_media":0,"parent":0,"menu_order":0,"comment_status":"closed","ping_status":"closed","template":"","meta":{"footnotes":""},"class_list":["post-131","page","type-page","status-publish","hentry"],"_links":{"self":[{"href":"https:\/\/albertilloelpillo.iesfuente.com\/index.php?rest_route=\/wp\/v2\/pages\/131","targetHints":{"allow":["GET"]}}],"collection":[{"href":"https:\/\/albertilloelpillo.iesfuente.com\/index.php?rest_route=\/wp\/v2\/pages"}],"about":[{"href":"https:\/\/albertilloelpillo.iesfuente.com\/index.php?rest_route=\/wp\/v2\/types\/page"}],"author":[{"embeddable":true,"href":"https:\/\/albertilloelpillo.iesfuente.com\/index.php?rest_route=\/wp\/v2\/users\/1"}],"replies":[{"embeddable":true,"href":"https:\/\/albertilloelpillo.iesfuente.com\/index.php?rest_route=%2Fwp%2Fv2%2Fcomments&post=131"}],"version-history":[{"count":4,"href":"https:\/\/albertilloelpillo.iesfuente.com\/index.php?rest_route=\/wp\/v2\/pages\/131\/revisions"}],"predecessor-version":[{"id":267,"href":"https:\/\/albertilloelpillo.iesfuente.com\/index.php?rest_route=\/wp\/v2\/pages\/131\/revisions\/267"}],"wp:attachment":[{"href":"https:\/\/albertilloelpillo.iesfuente.com\/index.php?rest_route=%2Fwp%2Fv2%2Fmedia&parent=131"}],"curies":[{"name":"wp","href":"https:\/\/api.w.org\/{rel}","templated":true}]}}