{"id":124,"date":"2026-02-13T14:16:42","date_gmt":"2026-02-13T13:16:42","guid":{"rendered":"https:\/\/albertilloelpillo.iesfuente.com\/?page_id=124"},"modified":"2026-02-28T11:42:19","modified_gmt":"2026-02-28T10:42:19","slug":"hoteles","status":"publish","type":"page","link":"https:\/\/albertilloelpillo.iesfuente.com\/?page_id=124","title":{"rendered":"Hoteles"},"content":{"rendered":"\n<hr class=\"wp-block-separator has-alpha-channel-opacity\"\/>\n\n\n\n<h3 class=\"wp-block-heading\"><strong>Maison Souquet<\/strong><\/h3>\n\n\n\n<p>Hotel boutique 5 estrellas inspirado en la Belle \u00c9poque con ambientes \u00edntimos y decoraci\u00f3n dram\u00e1tica.<\/p>\n\n\n\n<p><br>Sitio oficial: <a href=\"https:\/\/www.booking.com\/hotel\/pt\/m-maison-particuliere-porto.es.html?chal_t=1772100342760&amp;force_referer=https%3A%2F%2Fwww.google.com%2F\">https:\/\/www.maisons-particulires.com\/maison-souquet<\/a><\/p>\n\n\n\n<p>Ideal para: parejas y viajeros que buscan estilo \u00fanico.<\/p>\n\n\n\n<iframe \n  src=\"https:\/\/www.google.com\/maps?q=Maison+Souquet+Paris&#038;output=embed\" \n  width=\"100%\" \n  height=\"350\" \n  style=\"border:0; border-radius:12px;\" \n  allowfullscreen=\"\" \n  loading=\"lazy\">\n<\/iframe>\n\n\n\n<hr class=\"wp-block-separator has-alpha-channel-opacity\"\/>\n\n\n<h3 data-start=\"4737\" data-end=\"4764\"><strong data-start=\"4744\" data-end=\"4764\">H\u00f4tel de Crillon<\/strong><\/h3>\n<p data-start=\"4765\" data-end=\"5029\">Info hist\u00f3rico: Uno de los palacios hoteleros m\u00e1s lujosos del mundo, a los pies de Place de la Concorde, con d\u00e9cadas de historia y servicio top.<\/p>\n<p data-start=\"4765\" data-end=\"5029\"><br data-start=\"4956\" data-end=\"4959\" \/>Sitio oficial<em data-start=\"4962\" data-end=\"4978\">:<\/em> <a class=\"decorated-link cursor-pointer\" href=\"https:\/\/www.rosewoodhotels.com\/en\/paris\/le-crillon\" rel=\"noopener\" data-start=\"4979\" data-end=\"5029\">https:\/\/www.rosewoodhotels.com\/en\/paris\/le-crillon<\/a><\/p>\n<p data-start=\"5031\" data-end=\"5083\">Ideal para<em data-start=\"5034\" data-end=\"5047\">:<\/em> m\u00e1xima experiencia de lujo cl\u00e1sico.<\/p>\n\n\n<iframe \n  src=\"https:\/\/www.google.com\/maps?q=Hotel+de+Crillon+Paris&#038;output=embed\" \n  width=\"100%\" \n  height=\"350\" \n  style=\"border:0; border-radius:12px;\" \n  allowfullscreen=\"\" \n  loading=\"lazy\">\n<\/iframe>\n\n\n\n<h3 class=\"wp-block-heading\"><strong>Hotel Regina Louvre<\/strong><\/h3>\n\n\n\n<p>Tradicional hotel de lujo cerca del Louvre y con vistas espectaculares.<br>Sitio oficial: <a href=\"https:\/\/www.hotelregina.fr\" data-type=\"link\" data-id=\"https:\/\/www.hotelregina.fr\">https:\/\/www.hotelregina.fr<\/a><\/p>\n\n\n\n<p>Ideal para: turismo cultural con confort alto.<\/p>\n\n\n\n<iframe \n  src=\"https:\/\/www.google.com\/maps?q=Hotel+Regina+Louvre+Paris&#038;output=embed\" \n  width=\"100%\" \n  height=\"350\" \n  style=\"border:0; border-radius:12px;\" \n  allowfullscreen=\"\" \n  loading=\"lazy\">\n<\/iframe>\n\n\n\n<hr class=\"wp-block-separator has-alpha-channel-opacity\"\/>\n\n\n\n<h3 class=\"wp-block-heading\"><strong>Le Metropolitan, Paris Eiffel<\/strong><\/h3>\n\n\n\n<p>Hotel boutique moderno que combina dise\u00f1o contempor\u00e1neo con vistas a la Torre Eiffel.<br>Sitio oficial: <a href=\"https:\/\/lemetropolitan.paris\">https:\/\/lemetropolitan.paris<\/a><\/p>\n\n\n\n<p>Ideal para: dise\u00f1o moderno + experiencia parisina.<\/p>\n\n\n\n<iframe \n  src=\"https:\/\/www.google.com\/maps?q=Le+Metropolitan+Paris+Eiffel&#038;output=embed\" \n  width=\"100%\" \n  height=\"350\" \n  style=\"border:0; border-radius:12px;\" \n  allowfullscreen=\"\" \n  loading=\"lazy\">\n<\/iframe>\n\n\n\n<hr class=\"wp-block-separator has-alpha-channel-opacity\"\/>\n\n\n\n<h3 class=\"wp-block-heading\"><strong>Le Cinq Codet<\/strong><\/h3>\n\n\n\n<p>Hotel de dise\u00f1o contempor\u00e1neo en un edificio del siglo XX con spa, piscina y restaurante elegante.<br>Sitio oficial: <a href=\"https:\/\/www.le5codet.com\">https:\/\/www.le5codet.com<\/a><\/p>\n\n\n\n<p>Ideal para: experiencias urbanas de estilo y bienestar.<\/p>\n\n\n\n<iframe \n  src=\"https:\/\/www.google.com\/maps?q=Le+Cinq+Codet+Paris&#038;output=embed\" \n  width=\"100%\" \n  height=\"350\" \n  style=\"border:0; border-radius:12px;\" \n  allowfullscreen=\"\" \n  loading=\"lazy\">\n<\/iframe>\n\n\n\n<p><\/p>\n","protected":false},"excerpt":{"rendered":"<p>Maison Souquet Hotel boutique 5 estrellas inspirado en la Belle \u00c9poque con ambientes \u00edntimos y decoraci\u00f3n dram\u00e1tica. Sitio oficial: https:\/\/www.maisons-particulires.com\/maison-souquet Ideal para: parejas y viajeros&hellip;<\/p>\n","protected":false},"author":1,"featured_media":0,"parent":0,"menu_order":0,"comment_status":"closed","ping_status":"closed","template":"","meta":{"footnotes":""},"class_list":["post-124","page","type-page","status-publish","hentry"],"_links":{"self":[{"href":"https:\/\/albertilloelpillo.iesfuente.com\/index.php?rest_route=\/wp\/v2\/pages\/124","targetHints":{"allow":["GET"]}}],"collection":[{"href":"https:\/\/albertilloelpillo.iesfuente.com\/index.php?rest_route=\/wp\/v2\/pages"}],"about":[{"href":"https:\/\/albertilloelpillo.iesfuente.com\/index.php?rest_route=\/wp\/v2\/types\/page"}],"author":[{"embeddable":true,"href":"https:\/\/albertilloelpillo.iesfuente.com\/index.php?rest_route=\/wp\/v2\/users\/1"}],"replies":[{"embeddable":true,"href":"https:\/\/albertilloelpillo.iesfuente.com\/index.php?rest_route=%2Fwp%2Fv2%2Fcomments&post=124"}],"version-history":[{"count":7,"href":"https:\/\/albertilloelpillo.iesfuente.com\/index.php?rest_route=\/wp\/v2\/pages\/124\/revisions"}],"predecessor-version":[{"id":246,"href":"https:\/\/albertilloelpillo.iesfuente.com\/index.php?rest_route=\/wp\/v2\/pages\/124\/revisions\/246"}],"wp:attachment":[{"href":"https:\/\/albertilloelpillo.iesfuente.com\/index.php?rest_route=%2Fwp%2Fv2%2Fmedia&parent=124"}],"curies":[{"name":"wp","href":"https:\/\/api.w.org\/{rel}","templated":true}]}}